{"id":99,"date":"2016-08-01T01:17:31","date_gmt":"2016-07-31T22:17:31","guid":{"rendered":"http:\/\/www.kogital.com\/cms\/?p=99"},"modified":"2019-03-27T10:50:00","modified_gmt":"2019-03-27T07:50:00","slug":"measurement-analytics","status":"publish","type":"page","link":"https:\/\/www.kogital.com\/tr\/services\/measurement-analytics\/","title":{"rendered":"\u00d6l\u00e7\u00fcm &#038; Analitik"},"content":{"rendered":"<h2>Hizmetlerimiz<\/h2>\r\n<ul>\r\n \t<li>Ayr\u0131nt\u0131l\u0131 page view analizleri<\/li>\r\n \t<li>Sayfa i\u00e7i ve sayfalar aras\u0131 dola\u015f\u0131m analizi<\/li>\r\n \t<li>Purchase funnel analizi<\/li>\r\n \t<li>Kullan\u0131c\u0131 ak\u0131\u015f analizi<\/li>\r\n \t<li>Conversion tracking kurulumu ve analizi<\/li>\r\n \t<li>Event tracking kurulumu ve analizi<\/li>\r\n \t<li>Follower insights<\/li>\r\n<\/ul>","protected":false},"excerpt":{"rendered":"<p>\u00d6l\u00e7\u00fclemeyen ba\u015far\u0131, ba\u015far\u0131 de\u011fildir. Dijital mecralardaki her t\u00fcr etkinli\u011finizi \u00f6l\u00e7\u00fcmleyerek yol haritan\u0131z\u0131 \u00e7\u0131kart\u0131yoruz.<\/p>\n","protected":false},"author":1,"featured_media":8533,"parent":8360,"menu_order":5,"comment_status":"open","ping_status":"closed","template":"","meta":{"footnotes":""},"class_list":["post-99","page","type-page","status-publish","has-post-thumbnail","hentry"],"aioseo_notices":[],"_links":{"self":[{"href":"https:\/\/www.kogital.com\/tr\/wp-json\/wp\/v2\/pages\/99","targetHints":{"allow":["GET"]}}],"collection":[{"href":"https:\/\/www.kogital.com\/tr\/wp-json\/wp\/v2\/pages"}],"about":[{"href":"https:\/\/www.kogital.com\/tr\/wp-json\/wp\/v2\/types\/page"}],"author":[{"embeddable":true,"href":"https:\/\/www.kogital.com\/tr\/wp-json\/wp\/v2\/users\/1"}],"replies":[{"embeddable":true,"href":"https:\/\/www.kogital.com\/tr\/wp-json\/wp\/v2\/comments?post=99"}],"version-history":[{"count":5,"href":"https:\/\/www.kogital.com\/tr\/wp-json\/wp\/v2\/pages\/99\/revisions"}],"predecessor-version":[{"id":10104,"href":"https:\/\/www.kogital.com\/tr\/wp-json\/wp\/v2\/pages\/99\/revisions\/10104"}],"up":[{"embeddable":true,"href":"https:\/\/www.kogital.com\/tr\/wp-json\/wp\/v2\/pages\/8360"}],"wp:featuredmedia":[{"embeddable":true,"href":"https:\/\/www.kogital.com\/tr\/wp-json\/wp\/v2\/media\/8533"}],"wp:attachment":[{"href":"https:\/\/www.kogital.com\/tr\/wp-json\/wp\/v2\/media?parent=99"}],"curies":[{"name":"wp","href":"https:\/\/api.w.org\/{rel}","templated":true}]}}