{"id":96,"date":"2016-08-01T01:13:47","date_gmt":"2016-07-31T22:13:47","guid":{"rendered":"http:\/\/www.kogital.com\/cms\/?p=96"},"modified":"2020-06-17T17:28:50","modified_gmt":"2020-06-17T14:28:50","slug":"creativity-technology","status":"publish","type":"page","link":"https:\/\/www.kogital.com\/tr\/services\/creativity-technology\/","title":{"rendered":"Tasar\u0131m &#038; Prod\u00fcksiyon"},"content":{"rendered":"<h2>Hizmetlerimiz<\/h2>\r\n<ul>\r\n\t<li><strong>Grafik tasar\u0131m <\/strong>&#8211; Kurumsal kimlik, logo, sosyal medya sayfa ve payla\u015f\u0131m tasar\u0131m\u0131, web sitesi tasar\u0131m\u0131, ill\u00fcstrasyon.<\/li>\r\n\t<li><strong>Metin yaz\u0131m\u0131 <\/strong>&#8211; Her t\u00fcr i\u00e7erik, slogan, senaryo.<\/li>\r\n\t<li><strong>Foto\u011fraf ve video yap\u0131m\u0131<\/strong><\/li>\r\n\t<li><strong>Hareketli grafik ve 2D\/3D animasyon<\/strong><\/li>\r\n\t<li><strong>Ses tasar\u0131m\u0131 ve m\u00fczik<\/strong><\/li>\r\n\t<li><strong>Web ve mobil uygulamalar<\/strong><\/li>\r\n\t<li><strong>Yenilik\u00e7i teknoloji uygulamalar\u0131 <\/strong>&#8211; Artt\u0131r\u0131lm\u0131\u015f ger\u00e7eklik (AR) ve sanal ger\u00e7eklik (VR) applications.<\/li>\r\n<\/ul>\r\n<div><span style=\"font-size: 18pt;\"><strong>SEGER Sevgililer G\u00fcn\u00fc Reklam Filmi<\/strong><\/span><\/div>\r\n<div class=\"embed-responsive embed-responsive-16by9\"><iframe class=\"embed-responsive-item\" src=\"https:\/\/player.vimeo.com\/video\/316534286\" frameborder=\"0\" allowfullscreen=\"allowfullscreen\"><\/iframe><\/div>\r\n<div><span style=\"font-size: 18pt;\"><strong>Kuantum Mektuplar\u0131 Reklam Filmi<\/strong><\/span><\/div>\r\n<div class=\"embed-responsive embed-responsive-16by9\"><iframe class=\"embed-responsive-item\" src=\"https:\/\/player.vimeo.com\/video\/329335423\" frameborder=\"0\" allowfullscreen=\"allowfullscreen\"><\/iframe><\/div>\r\n<div><strong><span style=\"font-size: 18pt;\">Birlikte Ba\u015faraca\u011f\u0131z Reklam Filmi<\/span><\/strong><\/div>\r\n<div class=\"embed-responsive embed-responsive-16by9\"><iframe src=\"https:\/\/www.youtube.com\/embed\/dPC_0GOswmo\" frameborder=\"0\" allowfullscreen=\"allowfullscreen\"><span data-mce-type=\"bookmark\" style=\"display: inline-block; width: 0px; overflow: hidden; line-height: 0;\" class=\"mce_SELRES_start\">\ufeff<\/span><\/iframe><\/div>\r\n<div><strong><span style=\"font-size: 18pt;\">SEGER Anneler G\u00fcn\u00fc Reklam Filmi<\/span><\/strong><\/div>\r\n<div class=\"embed-responsive embed-responsive-16by9\"><iframe src=\"https:\/\/www.youtube.com\/embed\/pTwylLuEv_s\" frameborder=\"0\" allowfullscreen=\"allowfullscreen\"><span data-mce-type=\"bookmark\" style=\"display: inline-block; width: 0px; overflow: hidden; line-height: 0;\" class=\"mce_SELRES_start\">\ufeff<\/span><\/iframe><\/div>\r\n<div><span style=\"font-size: 18pt;\"><strong>Oromini Mother&#8217;s Day Reklam Filmi<\/strong><\/span><\/div>\r\n<div class=\"embed-responsive embed-responsive-16by9\"><iframe src=\"https:\/\/www.youtube.com\/embed\/sCeZGYq8RII\" frameborder=\"0\" allowfullscreen=\"allowfullscreen\"><span data-mce-type=\"bookmark\" style=\"display: inline-block; width: 0px; overflow: hidden; line-height: 0;\" class=\"mce_SELRES_start\">\ufeff<\/span><\/iframe><\/div>","protected":false},"excerpt":{"rendered":"<p>Herkes yemek yapabilir ama stiliniz sizi farkl\u0131 k\u0131lar. Markan\u0131z\u0131n mesaj\u0131n\u0131 yeni teknolojiler, etkileyici metinler ve yarat\u0131c\u0131 tasar\u0131mlarla \u00e7e\u015fnilendiriyoruz.<\/p>\n","protected":false},"author":1,"featured_media":8532,"parent":8360,"menu_order":2,"comment_status":"open","ping_status":"closed","template":"","meta":{"footnotes":""},"class_list":["post-96","page","type-page","status-publish","has-post-thumbnail","hentry"],"aioseo_notices":[],"_links":{"self":[{"href":"https:\/\/www.kogital.com\/tr\/wp-json\/wp\/v2\/pages\/96","targetHints":{"allow":["GET"]}}],"collection":[{"href":"https:\/\/www.kogital.com\/tr\/wp-json\/wp\/v2\/pages"}],"about":[{"href":"https:\/\/www.kogital.com\/tr\/wp-json\/wp\/v2\/types\/page"}],"author":[{"embeddable":true,"href":"https:\/\/www.kogital.com\/tr\/wp-json\/wp\/v2\/users\/1"}],"replies":[{"embeddable":true,"href":"https:\/\/www.kogital.com\/tr\/wp-json\/wp\/v2\/comments?post=96"}],"version-history":[{"count":5,"href":"https:\/\/www.kogital.com\/tr\/wp-json\/wp\/v2\/pages\/96\/revisions"}],"predecessor-version":[{"id":10675,"href":"https:\/\/www.kogital.com\/tr\/wp-json\/wp\/v2\/pages\/96\/revisions\/10675"}],"up":[{"embeddable":true,"href":"https:\/\/www.kogital.com\/tr\/wp-json\/wp\/v2\/pages\/8360"}],"wp:featuredmedia":[{"embeddable":true,"href":"https:\/\/www.kogital.com\/tr\/wp-json\/wp\/v2\/media\/8532"}],"wp:attachment":[{"href":"https:\/\/www.kogital.com\/tr\/wp-json\/wp\/v2\/media?parent=96"}],"curies":[{"name":"wp","href":"https:\/\/api.w.org\/{rel}","templated":true}]}}