{"id":90,"date":"2016-08-01T00:03:15","date_gmt":"2016-07-31T21:03:15","guid":{"rendered":"http:\/\/www.kogital.com\/cms\/?p=90"},"modified":"2019-03-27T10:47:59","modified_gmt":"2019-03-27T07:47:59","slug":"search-marketing","status":"publish","type":"page","link":"https:\/\/www.kogital.com\/tr\/services\/search-marketing\/","title":{"rendered":"Google Adwords"},"content":{"rendered":"<h2>Hizmetlerimiz<\/h2>\r\n\u0130nsanlar\u0131n g\u00fcn\u00fcm\u00fczde bir \u00fcr\u00fcn ya da hizmet hakk\u0131nda bilgi edinmek, sat\u0131n almak i\u00e7in ilk s\u0131rada ba\u015fvurdu\u011fu\r\n\r\nkaynak arama motorlar\u0131d\u0131r. Bu mecrada yer almamak ya da bilin\u00e7sizce yer almak hem markan\u0131z\u0131n bilinirli\u011fi hem de\r\n\r\nula\u015fmak istedi\u011finiz kitleye eri\u015fmenizde\u00a0en b\u00fcy\u00fck eksiklik olarak kar\u015f\u0131n\u0131za \u00e7\u0131kar. B\u00f6yle bir durumun sizi etkilememesi ad\u0131na\r\n\r\nfirman\u0131z\u0131n ihtiya\u00e7lar\u0131 ve stratejisi do\u011frultusunda markan\u0131z ve \u00fcr\u00fcnlerinizin arama mecralar\u0131nda bilin\u00e7li ve \u00f6l\u00e7\u00fclebilir bir \u015fekilde yer almas\u0131n\u0131 sa\u011fl\u0131yoruz.\r\n<ul>\r\n \t<li>Google (Adwords) Kelime Reklamlar\u0131<\/li>\r\n        <li>Google (GDN) G\u00f6r\u00fcnt\u00fcl\u00fc Reklam A\u011f\u0131 <\/li>\r\n \t<li>Anahtar kelime analizi<\/li>\r\n \t<li>Lokasyon bazl\u0131 arama sonu\u00e7lar\u0131<\/li>\r\n \t<li>Google, Yandex ve Bing indeksleme<\/li>\r\n \t<li>\u0130\u015fletme sayfalar\u0131 (Google Business, Foursquare vb.) kayd\u0131<\/li>\r\n \t<li>Harita (Google Maps) kayd\u0131<\/li>\r\n \t<li>Structured data kodlamas\u0131<\/li>\r\n<\/ul>\r\n<script src=\"https:\/\/apis.google.com\/js\/platform.js\" async defer><\/script>\r\n<div class=\"g-partnersbadge\" data-agency-id=\"2445244098\"><\/div>","protected":false},"excerpt":{"rendered":"<p>Google Partner Ajans olarak potansiyel m\u00fc\u015fterileriniz i\u00e7in sadece markalar\u0131n\u0131 de\u011fil, sizin sundu\u011funuz herhangi bir hizmeti arad\u0131klar\u0131nda sizi bulabilmelerine sa\u011fl\u0131yoruz.<\/p>\n","protected":false},"author":1,"featured_media":8528,"parent":8360,"menu_order":1,"comment_status":"open","ping_status":"closed","template":"","meta":{"footnotes":""},"class_list":["post-90","page","type-page","status-publish","has-post-thumbnail","hentry"],"aioseo_notices":[],"_links":{"self":[{"href":"https:\/\/www.kogital.com\/tr\/wp-json\/wp\/v2\/pages\/90","targetHints":{"allow":["GET"]}}],"collection":[{"href":"https:\/\/www.kogital.com\/tr\/wp-json\/wp\/v2\/pages"}],"about":[{"href":"https:\/\/www.kogital.com\/tr\/wp-json\/wp\/v2\/types\/page"}],"author":[{"embeddable":true,"href":"https:\/\/www.kogital.com\/tr\/wp-json\/wp\/v2\/users\/1"}],"replies":[{"embeddable":true,"href":"https:\/\/www.kogital.com\/tr\/wp-json\/wp\/v2\/comments?post=90"}],"version-history":[{"count":5,"href":"https:\/\/www.kogital.com\/tr\/wp-json\/wp\/v2\/pages\/90\/revisions"}],"predecessor-version":[{"id":10101,"href":"https:\/\/www.kogital.com\/tr\/wp-json\/wp\/v2\/pages\/90\/revisions\/10101"}],"up":[{"embeddable":true,"href":"https:\/\/www.kogital.com\/tr\/wp-json\/wp\/v2\/pages\/8360"}],"wp:featuredmedia":[{"embeddable":true,"href":"https:\/\/www.kogital.com\/tr\/wp-json\/wp\/v2\/media\/8528"}],"wp:attachment":[{"href":"https:\/\/www.kogital.com\/tr\/wp-json\/wp\/v2\/media?parent=90"}],"curies":[{"name":"wp","href":"https:\/\/api.w.org\/{rel}","templated":true}]}}