{"id":5,"date":"2016-07-02T12:53:54","date_gmt":"2016-07-02T09:53:54","guid":{"rendered":"http:\/\/www.kogital.com\/cms\/?page_id=5"},"modified":"2023-04-07T14:22:18","modified_gmt":"2023-04-07T11:22:18","slug":"home","status":"publish","type":"page","link":"https:\/\/www.kogital.com\/tr\/","title":{"rendered":"Anasayfa"},"content":{"rendered":"<p><strong>Kogital<\/strong>, m\u00fc\u015fterilerinin yat\u0131r\u0131mlar\u0131n\u0131n geri d\u00f6n\u00fc\u015f\u00fcn\u00fc (ROI) artt\u0131rmay\u0131 hedefleyen, ve bu hedeflere ula\u015fmak i\u00e7in temel performans g\u00f6stergeleri (KPI) ile takip edilebilecek stratejiler ve yarat\u0131c\u0131 kampanyalar haz\u0131rlayan 360\u00b0 dijital pazarlama ileti\u015fimi \u00e7\u00f6z\u00fcmleri sunan dijital bir ajanst\u0131r.<\/p>\r\n<p><a href=\"https:\/\/www.designrush.com\/agency\/profile\/kogital\" target=\"_blank\" rel=\"noopener noreferrer\"><img loading=\"lazy\" decoding=\"async\" class=\"alignnone wp-image-9760\" src=\"http:\/\/www.kogital.com\/wp-content\/uploads\/2018\/11\/DesignRush-Best-Digital-Agency-274-x-336-225x300.png\" alt=\"\" width=\"176\" height=\"235\" srcset=\"https:\/\/www.kogital.com\/wp-content\/uploads\/2018\/11\/DesignRush-Best-Digital-Agency-274-x-336-225x300.png 225w, https:\/\/www.kogital.com\/wp-content\/uploads\/2018\/11\/DesignRush-Best-Digital-Agency-274-x-336.png 275w\" sizes=\"auto, (max-width: 176px) 100vw, 176px\" \/><\/a><\/p>\r\n<p><img decoding=\"async\" class=\"alignnone wp-image-9760\" src=\"https:\/\/www.kogital.com\/wp-content\/uploads\/2020\/04\/PartnerBadge-RGB.png\" alt=\"\" width=\"176\" \/><\/p>\r\n<div><a style=\"display: inline-block; width: 210px; height: 60px;\" href=\"https:\/\/www.sortlist.com\/agency\/kogital\"><img decoding=\"async\" class=\"alignnone wp-image-9760\" src=\"https:\/\/core.sortlist.com\/\/_\/apps\/core\/images\/badges-en\/badge-flag-blue-light-xl.svg\" alt=\"\" width=\"176\" \/><\/a>\u00a0<\/div>\r\n<!-- Begin Mailchimp Signup Form -->\r\n<p>\r\n<style type=\"text\/css\">\r\n\t#mc_embed_signup{background:#eceeef; clear:left; font:14px Helvetica,Arial,sans-serif; width:100%;}\r\n\t\/* Add your own Mailchimp form style overrides in your site stylesheet or in this style block.\r\n\t   We recommend moving this block and the preceding CSS link to the HEAD of your HTML file. *\/\r\n<\/style>\r\n<\/p>\r\n<div id=\"mc_embed_signup\">\r\n<form id=\"mc-embedded-subscribe-form\" class=\"validate\" action=\"https:\/\/kogital.us12.list-manage.com\/subscribe\/post?u=8526d7184a8417279d8ba9463&amp;id=c40b5a55d4\" method=\"post\" name=\"mc-embedded-subscribe-form\" novalidate=\"\" target=\"_blank\">\r\n   <div id=\"mc_embed_signup_scroll\" class='row'>\r\n      <div class='col-sm-12'>\r\n        <h4>Mailing Listemize Kaydolun<\/h4>\r\n      <\/div>\r\n      <div class='col-sm-12 col-md-8 m-b-1' style='margin-left: auto; margin-right: auto'>\r\n        <input id=\"mce-EMAIL\" class=\"form-control\" name=\"EMAIL\" required=\"\" type=\"email\" value=\"\" placeholder=\"e-posta adresi\" style='text-align: center'\/>\r\n        <div style=\"position: absolute; left: -5000px;\" aria-hidden=\"true\">\r\n           <input tabindex=\"-1\" name=\"b_8526d7184a8417279d8ba9463_c40b5a55d4\" type=\"text\" value=\"\" \/>\r\n        <\/div>\r\n      <\/div>\r\n      <div class=\"col-sm-12 m-b-1 text-center\">\r\n         <input id=\"mc-embedded-subscribe\" class=\"btn btn-primary\" name=\"subscribe\" type=\"submit\" value=\"Kaydol\" \/>\r\n      <\/div>\r\n   <\/div>\r\n<\/form>\r\n<\/div>\r\n<!--End mc_embed_signup-->","protected":false},"excerpt":{"rendered":"<p>Yarat\u0131c\u0131 ve \u00f6l\u00e7\u00fclebilen 360\u00b0 dijital pazarlama \u00e7\u00f6z\u00fcmleri sunuyoruz.<\/p>\n","protected":false},"author":1,"featured_media":0,"parent":0,"menu_order":0,"comment_status":"closed","ping_status":"closed","template":"","meta":{"footnotes":""},"class_list":["post-5","page","type-page","status-publish","hentry"],"aioseo_notices":[],"_links":{"self":[{"href":"https:\/\/www.kogital.com\/tr\/wp-json\/wp\/v2\/pages\/5","targetHints":{"allow":["GET"]}}],"collection":[{"href":"https:\/\/www.kogital.com\/tr\/wp-json\/wp\/v2\/pages"}],"about":[{"href":"https:\/\/www.kogital.com\/tr\/wp-json\/wp\/v2\/types\/page"}],"author":[{"embeddable":true,"href":"https:\/\/www.kogital.com\/tr\/wp-json\/wp\/v2\/users\/1"}],"replies":[{"embeddable":true,"href":"https:\/\/www.kogital.com\/tr\/wp-json\/wp\/v2\/comments?post=5"}],"version-history":[{"count":5,"href":"https:\/\/www.kogital.com\/tr\/wp-json\/wp\/v2\/pages\/5\/revisions"}],"predecessor-version":[{"id":11924,"href":"https:\/\/www.kogital.com\/tr\/wp-json\/wp\/v2\/pages\/5\/revisions\/11924"}],"wp:attachment":[{"href":"https:\/\/www.kogital.com\/tr\/wp-json\/wp\/v2\/media?parent=5"}],"curies":[{"name":"wp","href":"https:\/\/api.w.org\/{rel}","templated":true}]}}