{"id":114,"date":"2016-08-01T01:27:07","date_gmt":"2016-07-31T22:27:07","guid":{"rendered":"http:\/\/www.kogital.com\/cms\/?p=114"},"modified":"2018-09-26T16:31:32","modified_gmt":"2018-09-26T13:31:32","slug":"influencer-marketing","status":"publish","type":"page","link":"https:\/\/www.kogital.com\/tr\/services\/influencer-marketing\/","title":{"rendered":"Influencer Reklamc\u0131l\u0131\u011f\u0131"},"content":{"rendered":"Sosyal medya \u00fczerinde belirli kitle olu\u015fturmu\u015f, kitleler taraf\u0131ndan sevilen kitleleri arkas\u0131ndan s\u00fcr\u00fckleyebilen ki\u015filerle\r\n<ul>\r\n<li>Hedefler do\u011frultusunda kampanyaya \/ imaja \/ bilinirli\u011fe \/ y\u00f6nelik mesajlar\u0131n, yine hedeflenen kitleye harekete ge\u00e7irici \u015fekilde ula\u015ft\u0131r\u0131lmas\u0131n\u0131 sa\u011flamak,<\/li>\r\n<li>Kitleleri s\u00fcr\u00fckleyip dijital d\u00fcnyada eri\u015fim, etkile\u015fim ve kat\u0131l\u0131m\u0131 artt\u0131rma,<\/li>\r\n<li>Influencer ve celebritylerin kendi dillerine uygun \u015fekilde olu\u015fturduklar\u0131 payla\u015f\u0131mlarla organik ve marka sempatisi olu\u015fturmak<\/li>\r\n<\/ul>","protected":false},"excerpt":{"rendered":"<p>\u00c7evrenizde mutlaka sizi etkileyen ki\u015filer vard\u0131r. Biz de sosyal mecralar\u0131 etkileyen ki\u015fileri -yani fenomenleri- kullanarak markan\u0131z\u0131n etkile\u015fimlerini ve etki alan\u0131n\u0131 artt\u0131r\u0131yoruz.<\/p>\n","protected":false},"author":1,"featured_media":8529,"parent":8360,"menu_order":8,"comment_status":"closed","ping_status":"closed","template":"","meta":{"footnotes":""},"class_list":["post-114","page","type-page","status-publish","has-post-thumbnail","hentry"],"aioseo_notices":[],"_links":{"self":[{"href":"https:\/\/www.kogital.com\/tr\/wp-json\/wp\/v2\/pages\/114","targetHints":{"allow":["GET"]}}],"collection":[{"href":"https:\/\/www.kogital.com\/tr\/wp-json\/wp\/v2\/pages"}],"about":[{"href":"https:\/\/www.kogital.com\/tr\/wp-json\/wp\/v2\/types\/page"}],"author":[{"embeddable":true,"href":"https:\/\/www.kogital.com\/tr\/wp-json\/wp\/v2\/users\/1"}],"replies":[{"embeddable":true,"href":"https:\/\/www.kogital.com\/tr\/wp-json\/wp\/v2\/comments?post=114"}],"version-history":[{"count":4,"href":"https:\/\/www.kogital.com\/tr\/wp-json\/wp\/v2\/pages\/114\/revisions"}],"predecessor-version":[{"id":9668,"href":"https:\/\/www.kogital.com\/tr\/wp-json\/wp\/v2\/pages\/114\/revisions\/9668"}],"up":[{"embeddable":true,"href":"https:\/\/www.kogital.com\/tr\/wp-json\/wp\/v2\/pages\/8360"}],"wp:featuredmedia":[{"embeddable":true,"href":"https:\/\/www.kogital.com\/tr\/wp-json\/wp\/v2\/media\/8529"}],"wp:attachment":[{"href":"https:\/\/www.kogital.com\/tr\/wp-json\/wp\/v2\/media?parent=114"}],"curies":[{"name":"wp","href":"https:\/\/api.w.org\/{rel}","templated":true}]}}