{"id":107,"date":"2016-08-01T01:22:40","date_gmt":"2016-07-31T22:22:40","guid":{"rendered":"http:\/\/www.kogital.com\/cms\/?p=107"},"modified":"2019-03-27T10:49:16","modified_gmt":"2019-03-27T07:49:16","slug":"strategy","status":"publish","type":"page","link":"https:\/\/www.kogital.com\/tr\/services\/strategy\/","title":{"rendered":"Strateji"},"content":{"rendered":"<blockquote class=\"blockquote\">\r\n<p class=\"mb-0\">Ba\u015fkas\u0131n\u0131 ve kendini bilirsen, y\u00fcz kere sava\u015fsan tehlikeye d\u00fc\u015fmezsin; ba\u015fkas\u0131n\u0131 bilmeyip kendini bilirsen bir kazan\u0131r bir kaybedersin; ne kendini ne de ba\u015fkas\u0131n\u0131 bilmezsen, her sava\u015fta tehlikedesin<\/p>\r\n<p class=\"blockquote-footer\">Sun Tzu <cite title=\"Source Title\">Sava\u015f Sanat\u0131<\/cite><\/p>\r\n<\/blockquote>\r\n<h2>Hizmetlerimiz<\/h2>\r\nMarkan\u0131z\u0131n pazarlama stratejileri do\u011frultusunda reklam stratejisini olu\u015fturturarak, hedefledi\u011finiz kitleye uygun bir reklam plan\u0131 olu\u015fturuyoruz.\r\n\r\nSizin ve markan\u0131z\u0131n de\u011ferini t\u00fcketiciye anlatman\u0131n yolunu belirliyoruz.\r\n\r\n&nbsp;\r\n<ul>\r\n \t<li>Pazar, marka, rakip analizi\r\n<ul>\r\n \t<li>SWOT analizi<\/li>\r\n<\/ul>\r\n<\/li>\r\n \t<li>M\u00fc\u015fteri analizi\r\n<ul>\r\n \t<li>Persona analizi<\/li>\r\n \t<li>M\u00fc\u015fteri yolculu\u011fu analizi<\/li>\r\n<\/ul>\r\n<\/li>\r\n \t<li>Konumland\u0131rma\r\n<ul>\r\n \t<li>FCB Grid<\/li>\r\n \t<li>Harris Grid<\/li>\r\n<\/ul>\r\n<\/li>\r\n \t<li>Strateji Geli\u015ftirme<\/li>\r\n<\/ul>","protected":false},"excerpt":{"rendered":"<p>Marka, \u00fcr\u00fcn ve rakiplerinizi analiz ederek sizin i\u00e7in en etkili dijital pazarlama ileti\u015fimi stratejilerini belirliyoruz.<\/p>\n","protected":false},"author":1,"featured_media":8530,"parent":8360,"menu_order":4,"comment_status":"closed","ping_status":"closed","template":"","meta":{"footnotes":""},"class_list":["post-107","page","type-page","status-publish","has-post-thumbnail","hentry"],"aioseo_notices":[],"_links":{"self":[{"href":"https:\/\/www.kogital.com\/tr\/wp-json\/wp\/v2\/pages\/107","targetHints":{"allow":["GET"]}}],"collection":[{"href":"https:\/\/www.kogital.com\/tr\/wp-json\/wp\/v2\/pages"}],"about":[{"href":"https:\/\/www.kogital.com\/tr\/wp-json\/wp\/v2\/types\/page"}],"author":[{"embeddable":true,"href":"https:\/\/www.kogital.com\/tr\/wp-json\/wp\/v2\/users\/1"}],"replies":[{"embeddable":true,"href":"https:\/\/www.kogital.com\/tr\/wp-json\/wp\/v2\/comments?post=107"}],"version-history":[{"count":5,"href":"https:\/\/www.kogital.com\/tr\/wp-json\/wp\/v2\/pages\/107\/revisions"}],"predecessor-version":[{"id":10103,"href":"https:\/\/www.kogital.com\/tr\/wp-json\/wp\/v2\/pages\/107\/revisions\/10103"}],"up":[{"embeddable":true,"href":"https:\/\/www.kogital.com\/tr\/wp-json\/wp\/v2\/pages\/8360"}],"wp:featuredmedia":[{"embeddable":true,"href":"https:\/\/www.kogital.com\/tr\/wp-json\/wp\/v2\/media\/8530"}],"wp:attachment":[{"href":"https:\/\/www.kogital.com\/tr\/wp-json\/wp\/v2\/media?parent=107"}],"curies":[{"name":"wp","href":"https:\/\/api.w.org\/{rel}","templated":true}]}}