{"id":105,"date":"2016-08-01T01:21:06","date_gmt":"2016-07-31T22:21:06","guid":{"rendered":"http:\/\/www.kogital.com\/cms\/?p=105"},"modified":"2016-12-19T12:26:51","modified_gmt":"2016-12-19T10:26:51","slug":"mobile-marketing","status":"publish","type":"page","link":"https:\/\/www.kogital.com\/tr\/services\/mobile-marketing\/","title":{"rendered":"Mobil Pazarlama"},"content":{"rendered":"<h2>Hizmetlerimiz<\/h2>\r\n<ul>\r\n<li>Mobil uygulama tasar\u0131m\u0131 ve uygulamas\u0131<\/li>\r\n<li>Lokasyon bazl\u0131 reklamcl\u0131l\u0131k<\/li>\r\n<li>Uygulama i\u00e7i reklam g\u00f6sterimi<\/li>\r\n<li>Oyun entegrasyonu<\/li>\r\n<\/ul>","protected":false},"excerpt":{"rendered":"<p>Potansiyelinizi cebinden yakalay\u0131n. Mobile \u00f6zg\u00fc pazarlama stratejileriyle hedef kitlenize her an her yerde ula\u015f\u0131n.<\/p>\n","protected":false},"author":1,"featured_media":8536,"parent":8360,"menu_order":7,"comment_status":"open","ping_status":"closed","template":"","meta":{"footnotes":""},"class_list":["post-105","page","type-page","status-publish","has-post-thumbnail","hentry"],"aioseo_notices":[],"_links":{"self":[{"href":"https:\/\/www.kogital.com\/tr\/wp-json\/wp\/v2\/pages\/105","targetHints":{"allow":["GET"]}}],"collection":[{"href":"https:\/\/www.kogital.com\/tr\/wp-json\/wp\/v2\/pages"}],"about":[{"href":"https:\/\/www.kogital.com\/tr\/wp-json\/wp\/v2\/types\/page"}],"author":[{"embeddable":true,"href":"https:\/\/www.kogital.com\/tr\/wp-json\/wp\/v2\/users\/1"}],"replies":[{"embeddable":true,"href":"https:\/\/www.kogital.com\/tr\/wp-json\/wp\/v2\/comments?post=105"}],"version-history":[{"count":2,"href":"https:\/\/www.kogital.com\/tr\/wp-json\/wp\/v2\/pages\/105\/revisions"}],"predecessor-version":[{"id":8483,"href":"https:\/\/www.kogital.com\/tr\/wp-json\/wp\/v2\/pages\/105\/revisions\/8483"}],"up":[{"embeddable":true,"href":"https:\/\/www.kogital.com\/tr\/wp-json\/wp\/v2\/pages\/8360"}],"wp:featuredmedia":[{"embeddable":true,"href":"https:\/\/www.kogital.com\/tr\/wp-json\/wp\/v2\/media\/8536"}],"wp:attachment":[{"href":"https:\/\/www.kogital.com\/tr\/wp-json\/wp\/v2\/media?parent=105"}],"curies":[{"name":"wp","href":"https:\/\/api.w.org\/{rel}","templated":true}]}}