{"id":102,"date":"2016-08-01T01:20:11","date_gmt":"2016-07-31T22:20:11","guid":{"rendered":"http:\/\/www.kogital.com\/cms\/?p=102"},"modified":"2019-01-24T13:32:50","modified_gmt":"2019-01-24T10:32:50","slug":"media-planning-buying","status":"publish","type":"page","link":"https:\/\/www.kogital.com\/tr\/services\/media-planning-buying\/","title":{"rendered":"Medya Planlama &#038; Sat\u0131n Alma"},"content":{"rendered":"<script src=\"https:\/\/apis.google.com\/js\/platform.js\" async defer><\/script>\r\n<div class=\"g-partnersbadge\" data-agency-id=\"2445244098\"><\/div>\r\n<h2>Hizmetlerimiz<\/h2>\r\n<ul>\r\n<li>Rakip ve anahtar s\u00f6zc\u00fck analizi<\/li>\r\n<li>Dijital reklam stratejileri tasar\u0131m\u0131<\/li>\r\n<li>Dijital medya sat\u0131nalmas\u0131<\/li>\r\n<li>Dijital reklam yarat\u0131c\u0131 \u00e7al\u0131\u015fmalar\u0131<\/li>\r\n<\/ul>\r\n<h3>Mecralar<\/h3>\r\n<ul>\r\n<li>\r\n<h4>Google AdWords<\/h4>\r\n<ul>\r\n<li>Arama Reklamlar\u0131<\/li>\r\n<li>G\u00f6r\u00fcnt\u00fcl\u00fc Reklamlar<\/li>\r\n<li>Al\u0131\u015fveri\u015f Reklamlar\u0131<\/li>\r\n<\/ul>\r\n<\/li>\r\n<li>\r\n<h4>YouTube TrueView<\/h4>\r\n<ul>\r\n<li>In Stream<\/li>\r\n<li>In Slate<\/li>\r\n<li>In Search<\/li>\r\n<li>In Display<\/li>\r\n<\/ul>\r\n<\/li>\r\n<li>\r\n<h4>Facebook &#038; Instagram<\/h4>\r\n<\/li>\r\n<li>\r\n<h4>Twitter<\/h4>\r\n<\/li>\r\n<li>\r\n<h4>LinkedIn<\/h4>\r\n<ul>\r\n<li>Sponsorlu \u0130\u00e7erik<\/li>\r\n<li>Sponsorlu InMail<\/li>\r\n<li>Text Reklamlar\u0131<\/li>\r\n<\/ul>\r\n<\/li>\r\n<li>\r\n<h4>Di\u011fer Networkler<\/h4>\r\n<ul>\r\n<li>Foursquare<\/li>\r\n<li>MediaShakers<\/li>\r\n<li>AdsAxis<\/li>\r\n<\/ul>\r\n<\/li>\r\n<\/ul>\r\n<center><style>.embed-container { position: relative; padding-bottom: 56.25%; height: 0; overflow: hidden; max-width: 100%; } .embed-container iframe, .embed-container object, .embed-container embed { position: absolute; top: 0; left: 0; width: 100%; height: 100%; }<\/style><div class='embed-container'><iframe src='https:\/\/player.vimeo.com\/video\/313125862' frameborder='0' webkitAllowFullScreen mozallowfullscreen allowFullScreen><\/iframe><\/div><\/center>","protected":false},"excerpt":{"rendered":"<p>Hangi mecraya ne kadar b\u00fct\u00e7e ay\u0131r\u0131rsan\u0131z yeterli olur, biz bunu biliyoruz.<\/p>\n","protected":false},"author":1,"featured_media":8535,"parent":8360,"menu_order":3,"comment_status":"open","ping_status":"closed","template":"","meta":{"footnotes":""},"class_list":["post-102","page","type-page","status-publish","has-post-thumbnail","hentry"],"aioseo_notices":[],"_links":{"self":[{"href":"https:\/\/www.kogital.com\/tr\/wp-json\/wp\/v2\/pages\/102","targetHints":{"allow":["GET"]}}],"collection":[{"href":"https:\/\/www.kogital.com\/tr\/wp-json\/wp\/v2\/pages"}],"about":[{"href":"https:\/\/www.kogital.com\/tr\/wp-json\/wp\/v2\/types\/page"}],"author":[{"embeddable":true,"href":"https:\/\/www.kogital.com\/tr\/wp-json\/wp\/v2\/users\/1"}],"replies":[{"embeddable":true,"href":"https:\/\/www.kogital.com\/tr\/wp-json\/wp\/v2\/comments?post=102"}],"version-history":[{"count":5,"href":"https:\/\/www.kogital.com\/tr\/wp-json\/wp\/v2\/pages\/102\/revisions"}],"predecessor-version":[{"id":9968,"href":"https:\/\/www.kogital.com\/tr\/wp-json\/wp\/v2\/pages\/102\/revisions\/9968"}],"up":[{"embeddable":true,"href":"https:\/\/www.kogital.com\/tr\/wp-json\/wp\/v2\/pages\/8360"}],"wp:featuredmedia":[{"embeddable":true,"href":"https:\/\/www.kogital.com\/tr\/wp-json\/wp\/v2\/media\/8535"}],"wp:attachment":[{"href":"https:\/\/www.kogital.com\/tr\/wp-json\/wp\/v2\/media?parent=102"}],"curies":[{"name":"wp","href":"https:\/\/api.w.org\/{rel}","templated":true}]}}